{"id":23,"date":"2020-11-12T18:11:39","date_gmt":"2020-11-12T17:11:39","guid":{"rendered":"http:\/\/svjbeseda.cz\/web\/?page_id=23"},"modified":"2022-09-20T16:04:00","modified_gmt":"2022-09-20T14:04:00","slug":"vybor","status":"publish","type":"page","link":"https:\/\/svjbeseda.cz\/web\/vybor\/","title":{"rendered":"\u010clenov\u00e9 kontroln\u00ed komise"},"content":{"rendered":"\t\t<div data-elementor-type=\"wp-page\" data-elementor-id=\"23\" class=\"elementor elementor-23\" data-elementor-settings=\"[]\">\n\t\t\t\t\t\t<div class=\"elementor-inner\">\n\t\t\t\t\t\t\t<div class=\"elementor-section-wrap\">\n\t\t\t\t\t\t\t<section class=\"elementor-section elementor-top-section elementor-element elementor-element-25dc587e elementor-section-boxed elementor-section-height-default elementor-section-height-default\" data-id=\"25dc587e\" data-element_type=\"section\">\n\t\t\t\t\t\t<div class=\"elementor-container elementor-column-gap-default\">\n\t\t\t\t\t\t\t<div class=\"elementor-row\">\n\t\t\t\t\t<div class=\"elementor-column elementor-col-100 elementor-top-column elementor-element elementor-element-4ca4d6e7\" data-id=\"4ca4d6e7\" data-element_type=\"column\">\n\t\t\t<div class=\"elementor-column-wrap elementor-element-populated\">\n\t\t\t\t\t\t\t<div class=\"elementor-widget-wrap\">\n\t\t\t\t\t\t<div class=\"elementor-element elementor-element-12c35a41 elementor-widget elementor-widget-text-editor\" data-id=\"12c35a41\" data-element_type=\"widget\" data-widget_type=\"text-editor.default\">\n\t\t\t\t<div class=\"elementor-widget-container\">\n\t\t\t\t\t<div class=\"elementor-text-editor elementor-clearfix\"><p><!-- wp:paragraph --><\/p>\n<p>Ing. Ji\u0159\u00ed Novotn\u00fd<br \/>Mgr. Jan Klof\u00e1\u010d<br \/>Mgr. \u0160t\u011bp\u00e1n Zbo\u017e\u00ednek<\/p>\n<p><!-- \/wp:paragraph --><\/p><\/div>\n\t\t\t\t<\/div>\n\t\t\t\t<\/div>\n\t\t\t\t\t\t<\/div>\n\t\t\t\t\t<\/div>\n\t\t<\/div>\n\t\t\t\t\t\t\t\t<\/div>\n\t\t\t\t\t<\/div>\n\t\t<\/section>\n\t\t\t\t\t\t<\/div>\n\t\t\t\t\t\t<\/div>\n\t\t\t\t\t<\/div>\n\t\t","protected":false},"excerpt":{"rendered":"<p>Ing. Ji\u0159\u00ed Novotn\u00fdMgr. Jan Klof\u00e1\u010dMgr. \u0160t\u011bp\u00e1n Zbo\u017e\u00ednek<\/p>\n","protected":false},"author":1,"featured_media":0,"parent":0,"menu_order":0,"comment_status":"closed","ping_status":"closed","template":"","meta":[],"_links":{"self":[{"href":"https:\/\/svjbeseda.cz\/web\/wp-json\/wp\/v2\/pages\/23"}],"collection":[{"href":"https:\/\/svjbeseda.cz\/web\/wp-json\/wp\/v2\/pages"}],"about":[{"href":"https:\/\/svjbeseda.cz\/web\/wp-json\/wp\/v2\/types\/page"}],"author":[{"embeddable":true,"href":"https:\/\/svjbeseda.cz\/web\/wp-json\/wp\/v2\/users\/1"}],"replies":[{"embeddable":true,"href":"https:\/\/svjbeseda.cz\/web\/wp-json\/wp\/v2\/comments?post=23"}],"version-history":[{"count":14,"href":"https:\/\/svjbeseda.cz\/web\/wp-json\/wp\/v2\/pages\/23\/revisions"}],"predecessor-version":[{"id":827,"href":"https:\/\/svjbeseda.cz\/web\/wp-json\/wp\/v2\/pages\/23\/revisions\/827"}],"wp:attachment":[{"href":"https:\/\/svjbeseda.cz\/web\/wp-json\/wp\/v2\/media?parent=23"}],"curies":[{"name":"wp","href":"https:\/\/api.w.org\/{rel}","templated":true}]}}